{"id":834,"date":"2018-04-22T12:34:15","date_gmt":"2018-04-22T10:34:15","guid":{"rendered":"https:\/\/www.antoniofilm.com\/boot\/?page_id=834"},"modified":"2018-09-06T19:51:52","modified_gmt":"2018-09-06T17:51:52","slug":"laufen-auf-wasser","status":"publish","type":"page","link":"https:\/\/www.antoniofilm.com\/boot\/laufen-auf-wasser\/","title":{"rendered":"Laufen auf Wasser"},"content":{"rendered":"<div class=\"videoWrapper\">\n <iframe loading=\"lazy\" width=\"853\" height=\"480\" src=\"https:\/\/www.youtube-nocookie.com\/embed\/2WpQgqcDEP0?rel=0&#038;modestbranding=1\" frameborder=\"0\" allowfullscreen><\/iframe>\n<\/div>\n<div class=\"ogg\"><img loading=\"lazy\" decoding=\"async\" src=\"https:\/\/www.antoniofilm.com\/boot\/wp-content\/uploads\/2018\/05\/IMG_7079-crop2.jpg\" width=\"1\" height=\"1\" style=\"float: left; margin: 0; padding: 0;\"\/><\/div>\n<div class=\"tussenstand\"><center><\/p>\n<table class=\"tussenTable\">\n<tr>\n<td class=\"Doneerknop-Widget\"><center><a class=\"Doneerlink2-Body\" href=\"https:\/\/www.antoniofilm.com\/boot\/ich-mache-mit\/\">><br \/>Ich mache mit<\/a><\/center><\/td>\n<td class=\"tussenText\" style=\"width: 35%;\">\n\n<div class=\"wpcf7 no-js\" id=\"wpcf7-f880-o1\" lang=\"en-US\" dir=\"ltr\" data-wpcf7-id=\"880\">\n<div class=\"screen-reader-response\"><p role=\"status\" aria-live=\"polite\" aria-atomic=\"true\"><\/p> <ul><\/ul><\/div>\n<form action=\"\/boot\/wp-json\/wp\/v2\/pages\/834#wpcf7-f880-o1\" method=\"post\" class=\"wpcf7-form init\" aria-label=\"Contact form\" novalidate=\"novalidate\" data-status=\"init\">\n<fieldset class=\"hidden-fields-container\"><input type=\"hidden\" name=\"_wpcf7\" value=\"880\" \/><input type=\"hidden\" name=\"_wpcf7_version\" value=\"6.1.5\" \/><input type=\"hidden\" name=\"_wpcf7_locale\" value=\"en_US\" \/><input type=\"hidden\" name=\"_wpcf7_unit_tag\" value=\"wpcf7-f880-o1\" \/><input type=\"hidden\" name=\"_wpcf7_container_post\" value=\"0\" \/><input type=\"hidden\" name=\"_wpcf7_posted_data_hash\" value=\"\" \/>\n<\/fieldset>\n<div class=\"centered\">\n\t<font style=\"line-height: 32px;\">\n\t<\/font>\n\t<font class=\"tussenstand-kopjes\">Zwischenstand\n\t<\/font>\n\t<font class=\"MidBigBlue\" >&thinsp;64.195\n\t\t<p><sup>\n\t\t\t\t<font class=\"euro-sup\">&euro;\n\t\t\t\t<\/font><\/sup>\n\t\t<\/p>\n\t<\/font>\n<\/div><div class=\"wpcf7-response-output\" aria-hidden=\"true\"><\/div>\n<\/form>\n<\/div>\n<\/td>\n<td class=\"tussenText\" style=\"width: 35%;\"><center><font style=\"line-height: 32px;\"><font class=\"tussenstand-kopjes\">Wie&nbsp;viel ben\u00f6tigen&nbsp;wir<br \/>&nbsp;<\/font><font class=\"tussenEuro\">&thinsp;63.000<sup><font class=\"euro-sup\">&euro;<\/font><\/sup><\/font><\/font><\/td>\n<td class=\"tussenText\"><center><a href=\"https:\/\/www.antoniofilm.com\/boot\/wp-content\/uploads\/2018\/04\/Begroting-Grafisch-Gross-DEU.gif\"><img loading=\"lazy\" decoding=\"async\" height=\"108\" width=\"108\" src=\"https:\/\/www.antoniofilm.com\/boot\/wp-content\/uploads\/2018\/04\/Begroting-Grafisch-Cutout-200-DEU.gif\" alt=\"\" \/><\/a><\/center><\/td>\n<\/tr>\n<\/table>\n<p><\/center><\/div>\n<div class=\"tussenstandSmal\">\n<div class=\"DoneerknopSmal\"><center><a class=\"Doneerlink2-Body\" href=\"https:\/\/www.antoniofilm.com\/boot\/ich-mache-mit\/\">><br \/>Ich mache mit<\/a><\/center><\/div>\n<table class=\"tussenstandSmalTable\">\n<tr class=\"nopad\">\n<td class=\"tussenText\" style=\"width: 50%;\">\n\n<div class=\"wpcf7 no-js\" id=\"wpcf7-f880-o2\" lang=\"en-US\" dir=\"ltr\" data-wpcf7-id=\"880\">\n<div class=\"screen-reader-response\"><p role=\"status\" aria-live=\"polite\" aria-atomic=\"true\"><\/p> <ul><\/ul><\/div>\n<form action=\"\/boot\/wp-json\/wp\/v2\/pages\/834#wpcf7-f880-o2\" method=\"post\" class=\"wpcf7-form init\" aria-label=\"Contact form\" novalidate=\"novalidate\" data-status=\"init\">\n<fieldset class=\"hidden-fields-container\"><input type=\"hidden\" name=\"_wpcf7\" value=\"880\" \/><input type=\"hidden\" name=\"_wpcf7_version\" value=\"6.1.5\" \/><input type=\"hidden\" name=\"_wpcf7_locale\" value=\"en_US\" \/><input type=\"hidden\" name=\"_wpcf7_unit_tag\" value=\"wpcf7-f880-o2\" \/><input type=\"hidden\" name=\"_wpcf7_container_post\" value=\"0\" \/><input type=\"hidden\" name=\"_wpcf7_posted_data_hash\" value=\"\" \/>\n<\/fieldset>\n<div class=\"centered\">\n\t<font style=\"line-height: 32px;\">\n\t<\/font>\n\t<font class=\"tussenstand-kopjes\">Zwischenstand\n\t<\/font>\n\t<font class=\"MidBigBlue\" >&thinsp;64.195\n\t\t<p><sup>\n\t\t\t\t<font class=\"euro-sup\">&euro;\n\t\t\t\t<\/font><\/sup>\n\t\t<\/p>\n\t<\/font>\n<\/div><div class=\"wpcf7-response-output\" aria-hidden=\"true\"><\/div>\n<\/form>\n<\/div>\n<\/td>\n<td class=\"tussenText\" style=\"width: 50%;\">\n<center><font class=\"tussenstand-kopjes\">Wie&nbsp;viel ben\u00f6tigen&nbsp;wir<br \/>&nbsp;<\/font><font class=\"tussenEuro\">&thinsp;63.000<sup><font class=\"euro-sup\">&euro;<\/font><\/sup><\/font><\/td>\n<\/tr>\n<\/table>\n<p><a href=\"https:\/\/www.antoniofilm.com\/boot\/wp-content\/uploads\/2018\/04\/Begroting-Grafisch-Gross-DEU.gif\"><img decoding=\"async\" src=\"https:\/\/www.antoniofilm.com\/boot\/wp-content\/uploads\/2018\/04\/Begroting-Grafisch-Cutout-200-DEU.gif\" alt=\"\" style=\"display: block; margin-left: auto; margin-right: auto; width: 40%;\"\/><\/a><\/div>\n<p>&nbsp;<\/p>\n<p><font class=\"entry-title\">Der Plan<\/font><\/p>\n<p>Im Januar des Jahres 2007 waren wir, Mendel und Susanne, zum ersten Mal in Canudos. Seitdem ist unser Leben verbunden mit den Menschen aus dieser Gegend \u2013 einem eindr\u00fccklichen Ort mit einer sehr bewegten und traumatischen Vergangenheit, die in der Geschichte Brasiliens noch immer eine offene Wunde darstellt.<\/p>\n<p>Aus diese Beziehung entstanden zwei Dinge: unser Film <em>Das Meer des Pilgers Antonio<\/em> und der Wunsch, diesen auf eine Art und Weise zu verbreiten, die allem, was wir in diesen Jahren von den Menschen dort lernen durften, gerecht wird:<br \/>\nBescheidenheit. Zusammenarbeit. Wesentliche Begegnung. Dinge zu ihrer Essenz zur\u00fcckbringen. Die Bereicherung, die dies mit sich bringt. Die Suche nach dem Kern. Und die Begegnung mit Menschen, die dieses Verlangen mit uns teilen \u2013 \u00fcber s\u00e4mtliche Grenzen von L\u00e4ndern und Sprachen hinweg. Es ist eine besondere und intensive Reise, die nach 11 Jahren noch immer andauert.<\/p>\n<p><strong>Wir durften in diesen Jahren viel entdecken:<\/strong><br \/>\n1. Dass es als Filmemacher m\u00f6glich ist, das eigene Werk v\u00f6llig selbstst\u00e4ndig zu entwickeln und zu verbreiten, in direkter Zusammenarbeit mit dem eigenen Publikum. Und dass man davon leben kann \u2013 denn nur deshalb k\u00f6nnen wir uns jetzt auf den Weg machen f\u00fcr den n\u00e4chsten Schritt.<br \/>\n2. Dass unsere Arbeit \u00fcberall Menschen zusammen bringen und sie tief ber\u00fchren kann.<br \/>\n3. Dass unsere Arbeit in Brasilien selbst noch viel mehr Potenzial hat, und einen Beitrag leisten k\u00f6nnte im Heilungsprozess tiefer Wunden in der brasilianischen Gesellschaft.<br \/>\n4. Dass wir mit Mut, Neugier, Liebe, Humor, Vorstellungs- und Durchsetzungsverm\u00f6gen Dinge erreichen k\u00f6nnen, die anf\u00e4nglich niemand f\u00fcr m\u00f6glich gehalten h\u00e4tte.<\/p>\n<p>Deshalb ist es jetzt Zeit f\u00fcr eine Fortsetzung von <em>Das Meer des Pilgers Antonio<\/em>.<\/p>\n<p>Canudos ist ein typischer Ort, wo Menschen wie wir hingehen, um dort etwas zu \u2018holen\u2019. Ein Ort, den wir besuchen in der Hoffnung auf eine besondere Erfahrung, sch\u00f6ne Bilder und Geschichten, Lebensweisheiten, Inspiration. Besonders anziehend erscheint die Gegend nicht so sehr f\u00fcr die Menschen, die dort wohnen, und wohnen bleiben, gegen alle Widrigkeiten, sondern eher f\u00fcr Menschen, die von weither kommen &#8211; die alles schon haben, au\u00dfer dem, was sie in Canudos zu finden hoffen.<br \/>\nDoch war es f\u00fcr uns, wieder zur\u00fcckgekehrt nach Europa, nicht denkbar, den Ort und die Menschen zu vergessen und alles Erlebte einfach einzuordnen in die Mappe \u201cInspiration\u201d. Wir hatten uns in Canudos so zuhause gef\u00fchlt, dass es unm\u00f6glich war, diesen Ort und seine Menschen loszulassen. Wir gingen nochmals. Und nochmals. Und noch zweimal, und unsere Bindung wuchs immer weiter.<\/p>\n<p>Jetzt m\u00f6chten wir noch einmal gehen. F\u00fcr eine viel l\u00e4ngere Zeit. Nicht um zu holen, sondern um zur\u00fcckzugeben, was sie uns geschenkt hatten, ohne es zu wissen. Was unser Leben bereichert hat, und das Leben so vieler Menschen, die den Film gesehen haben.<br \/>\nWir wollen in Canudos eine Gruppe junger Erwachsener zusammenbringen, die als Kind Teil des Filmes waren. Gemeinsam mit ihnen m\u00f6chten wir ein Reisendes Kino gr\u00fcnden, mit dem sie durch die Entwicklung ihrer Qualit\u00e4ten und F\u00e4higkeiten ihre eigene besondere Geschichte in ganz Brasilien verbreiten k\u00f6nnen. Und wir suchen nach M\u00f6glichkeiten, wie die Begeisterung und Wertsch\u00e4tzung, die diese Filmvorf\u00fchrungen bewirken, sich ganz konkret im Alltag und der Lebensqualit\u00e4t in Canudos niederschlagen k\u00f6nnen. Mehr \u00fcber unsere Pl\u00e4ne und Beweggr\u00fcnde erfahren Sie im Filmchen, oben.<\/p>\n<p>Um diese Pl\u00e4ne zu realisieren, braucht es eine ganze Reihe: Mut, Liebe, Neugier, Humor, Vorstellungs- und Durchsetzungsverm\u00f6gen. Und Geld.<br \/>\nDie ersten sechs empfangen wir jeden Tag aufs Neue. Und das Geld? Daf\u00fcr suchen wir nun Menschen, die unsere Pl\u00e4ne mittragen wollen.<\/p>\n<p><strong>D\u00fcrfen wir Sie einladen, mitzumachen?<\/strong><\/p>\n<p>Wir informieren Sie regelm\u00e4\u00dfig mit unserem Rundbrief, und daneben d\u00fcrfen Sie sich aus verschiedenen besonderen Andenken aus Canudos etwas ausw\u00e4hlen.<br \/>\nWenn Ihnen unsere Pl\u00e4ne zusagen und Sie denken: Ich mache mit! \u2013 klicken Sie <font color=\"red\"><a href=\"https:\/\/www.antoniofilm.com\/boot\/ich-mache-mit\/\">Ich mache mit<\/a><\/font> an.<br \/>\nUnd falls Sie noch Fragen haben, scheuen Sie sich nicht, Kontakt mit uns aufzunehmen. <\/p>\n<p><em>Ganz herzliche Gr\u00fc&szlig;e,<br \/>\nMendel &#038; Susanne Hardeman-Dick<\/em><\/p>\n<div class=\"tussenstand\"><center><\/p>\n<table class=\"tussenTable\">\n<tr>\n<td class=\"Doneerknop-Widget\"><center><a class=\"Doneerlink2-Body\" href=\"https:\/\/www.antoniofilm.com\/boot\/ich-mache-mit\/\">><br \/>Ich mache mit<\/a><\/center><\/td>\n<td class=\"tussenText\" style=\"width: 35%;\">\n\n<div class=\"wpcf7 no-js\" id=\"wpcf7-f880-o3\" lang=\"en-US\" dir=\"ltr\" data-wpcf7-id=\"880\">\n<div class=\"screen-reader-response\"><p role=\"status\" aria-live=\"polite\" aria-atomic=\"true\"><\/p> <ul><\/ul><\/div>\n<form action=\"\/boot\/wp-json\/wp\/v2\/pages\/834#wpcf7-f880-o3\" method=\"post\" class=\"wpcf7-form init\" aria-label=\"Contact form\" novalidate=\"novalidate\" data-status=\"init\">\n<fieldset class=\"hidden-fields-container\"><input type=\"hidden\" name=\"_wpcf7\" value=\"880\" \/><input type=\"hidden\" name=\"_wpcf7_version\" value=\"6.1.5\" \/><input type=\"hidden\" name=\"_wpcf7_locale\" value=\"en_US\" \/><input type=\"hidden\" name=\"_wpcf7_unit_tag\" value=\"wpcf7-f880-o3\" \/><input type=\"hidden\" name=\"_wpcf7_container_post\" value=\"0\" \/><input type=\"hidden\" name=\"_wpcf7_posted_data_hash\" value=\"\" \/>\n<\/fieldset>\n<div class=\"centered\">\n\t<font style=\"line-height: 32px;\">\n\t<\/font>\n\t<font class=\"tussenstand-kopjes\">Zwischenstand\n\t<\/font>\n\t<font class=\"MidBigBlue\" >&thinsp;64.195\n\t\t<p><sup>\n\t\t\t\t<font class=\"euro-sup\">&euro;\n\t\t\t\t<\/font><\/sup>\n\t\t<\/p>\n\t<\/font>\n<\/div><div class=\"wpcf7-response-output\" aria-hidden=\"true\"><\/div>\n<\/form>\n<\/div>\n<\/td>\n<td class=\"tussenText\" style=\"width: 35%;\"><center><font style=\"line-height: 32px;\"><font class=\"tussenstand-kopjes\">Wie&nbsp;viel ben\u00f6tigen&nbsp;wir<br \/>&nbsp;<\/font><font class=\"tussenEuro\">&thinsp;63.000<sup><font class=\"euro-sup\">&euro;<\/font><\/sup><\/font><\/font><\/td>\n<td class=\"tussenText\"><center><a href=\"https:\/\/www.antoniofilm.com\/boot\/wp-content\/uploads\/2018\/04\/Begroting-Grafisch-Gross-DEU.gif\"><img loading=\"lazy\" decoding=\"async\" height=\"108\" width=\"108\" src=\"https:\/\/www.antoniofilm.com\/boot\/wp-content\/uploads\/2018\/04\/Begroting-Grafisch-Cutout-200-DEU.gif\" alt=\"\" \/><\/a><\/center><\/td>\n<\/tr>\n<\/table>\n<p><\/center><\/div>\n<div class=\"tussenstandSmal\">\n<div class=\"DoneerknopSmal\"><center><a class=\"Doneerlink2-Body\" href=\"https:\/\/www.antoniofilm.com\/boot\/ich-mache-mit\/\">><br \/>Ich mache mit<\/a><\/center><\/div>\n<table class=\"tussenstandSmalTable\">\n<tr class=\"nopad\">\n<td class=\"tussenText\" style=\"width: 50%;\">\n\n<div class=\"wpcf7 no-js\" id=\"wpcf7-f880-o4\" lang=\"en-US\" dir=\"ltr\" data-wpcf7-id=\"880\">\n<div class=\"screen-reader-response\"><p role=\"status\" aria-live=\"polite\" aria-atomic=\"true\"><\/p> <ul><\/ul><\/div>\n<form action=\"\/boot\/wp-json\/wp\/v2\/pages\/834#wpcf7-f880-o4\" method=\"post\" class=\"wpcf7-form init\" aria-label=\"Contact form\" novalidate=\"novalidate\" data-status=\"init\">\n<fieldset class=\"hidden-fields-container\"><input type=\"hidden\" name=\"_wpcf7\" value=\"880\" \/><input type=\"hidden\" name=\"_wpcf7_version\" value=\"6.1.5\" \/><input type=\"hidden\" name=\"_wpcf7_locale\" value=\"en_US\" \/><input type=\"hidden\" name=\"_wpcf7_unit_tag\" value=\"wpcf7-f880-o4\" \/><input type=\"hidden\" name=\"_wpcf7_container_post\" value=\"0\" \/><input type=\"hidden\" name=\"_wpcf7_posted_data_hash\" value=\"\" \/>\n<\/fieldset>\n<div class=\"centered\">\n\t<font style=\"line-height: 32px;\">\n\t<\/font>\n\t<font class=\"tussenstand-kopjes\">Zwischenstand\n\t<\/font>\n\t<font class=\"MidBigBlue\" >&thinsp;64.195\n\t\t<p><sup>\n\t\t\t\t<font class=\"euro-sup\">&euro;\n\t\t\t\t<\/font><\/sup>\n\t\t<\/p>\n\t<\/font>\n<\/div><div class=\"wpcf7-response-output\" aria-hidden=\"true\"><\/div>\n<\/form>\n<\/div>\n<\/td>\n<td class=\"tussenText\" style=\"width: 50%;\">\n<center><font class=\"tussenstand-kopjes\">Wie&nbsp;viel ben\u00f6tigen&nbsp;wir<br \/>&nbsp;<\/font><font class=\"tussenEuro\">&thinsp;63.000<sup><font class=\"euro-sup\">&euro;<\/font><\/sup><\/font><\/td>\n<\/tr>\n<\/table>\n<p><a href=\"https:\/\/www.antoniofilm.com\/boot\/wp-content\/uploads\/2018\/04\/Begroting-Grafisch-Gross-DEU.gif\"><img decoding=\"async\" src=\"https:\/\/www.antoniofilm.com\/boot\/wp-content\/uploads\/2018\/04\/Begroting-Grafisch-Cutout-200-DEU.gif\" alt=\"\" style=\"display: block; margin-left: auto; margin-right: auto; width: 40%;\"\/><\/a><\/div>\n<p>&nbsp;<br \/>\n&nbsp;<br \/>\n&nbsp;<br \/>\n&nbsp;<br \/>\n&nbsp;<br \/>\n&nbsp;<br \/>\n&nbsp;<\/p>\n","protected":false},"excerpt":{"rendered":"<p>>Ich mache mit Wie&nbsp;viel ben\u00f6tigen&nbsp;wir&nbsp;&thinsp;63.000&euro; >Ich mache mit Wie&nbsp;viel ben\u00f6tigen&nbsp;wir&nbsp;&thinsp;63.000&euro; &nbsp; Der Plan Im Januar des Jahres 2007 waren wir, Mendel und Susanne, zum ersten Mal in Canudos. Seitdem ist unser Leben verbunden mit den Menschen aus dieser Gegend \u2013 einem eindr\u00fccklichen Ort mit einer sehr bewegten und traumatischen Vergangenheit, die in der Geschichte Brasiliens &hellip; <a href=\"https:\/\/www.antoniofilm.com\/boot\/laufen-auf-wasser\/\" class=\"more-link\">Continue reading<span class=\"screen-reader-text\"> &#8220;Laufen auf Wasser&#8221;<\/span><\/a><\/p>\n","protected":false},"author":1,"featured_media":0,"parent":0,"menu_order":20,"comment_status":"closed","ping_status":"closed","template":"","meta":{"footnotes":""},"class_list":["post-834","page","type-page","status-publish","hentry"],"yoast_head":"<!-- This site is optimized with the Yoast SEO plugin v27.4 - https:\/\/yoast.com\/product\/yoast-seo-wordpress\/ -->\n<title>Laufen auf Wasser - Canudos 2018<\/title>\n<meta name=\"description\" content=\"Die Fortsetzung unseres Films &quot;Das Meer des Pilgers Antonio&quot; braucht Ihre Unterst\u00fctzung!\" \/>\n<meta name=\"robots\" content=\"index, follow, max-snippet:-1, max-image-preview:large, max-video-preview:-1\" \/>\n<link rel=\"canonical\" href=\"https:\/\/www.antoniofilm.com\/boot\/laufen-auf-wasser\/\" \/>\n<meta property=\"og:locale\" content=\"en_US\" \/>\n<meta property=\"og:type\" content=\"article\" \/>\n<meta property=\"og:title\" content=\"Laufen auf Wasser - Canudos 2018\" \/>\n<meta property=\"og:description\" content=\"Die Fortsetzung unseres Films &quot;Das Meer des Pilgers Antonio&quot; braucht Ihre Unterst\u00fctzung!\" \/>\n<meta property=\"og:url\" content=\"https:\/\/www.antoniofilm.com\/boot\/laufen-auf-wasser\/\" \/>\n<meta property=\"og:site_name\" content=\"Canudos 2018\" \/>\n<meta property=\"article:modified_time\" content=\"2018-09-06T17:51:52+00:00\" \/>\n<meta property=\"og:image\" content=\"https:\/\/www.antoniofilm.com\/boot\/wp-content\/uploads\/2018\/05\/IMG_7079-crop2-FB.jpg\" \/>\n\t<meta property=\"og:image:width\" content=\"1120\" \/>\n\t<meta property=\"og:image:height\" content=\"630\" \/>\n\t<meta property=\"og:image:type\" content=\"image\/jpeg\" \/>\n<meta name=\"twitter:card\" content=\"summary_large_image\" \/>\n<meta name=\"twitter:label1\" content=\"Est. reading time\" \/>\n\t<meta name=\"twitter:data1\" content=\"4 minutes\" \/>\n<script type=\"application\/ld+json\" class=\"yoast-schema-graph\">{\"@context\":\"https:\\\/\\\/schema.org\",\"@graph\":[{\"@type\":\"WebPage\",\"@id\":\"https:\\\/\\\/www.antoniofilm.com\\\/boot\\\/laufen-auf-wasser\\\/\",\"url\":\"https:\\\/\\\/www.antoniofilm.com\\\/boot\\\/laufen-auf-wasser\\\/\",\"name\":\"Laufen auf Wasser - Canudos 2018\",\"isPartOf\":{\"@id\":\"https:\\\/\\\/www.antoniofilm.com\\\/boot\\\/#website\"},\"primaryImageOfPage\":{\"@id\":\"https:\\\/\\\/www.antoniofilm.com\\\/boot\\\/laufen-auf-wasser\\\/#primaryimage\"},\"image\":{\"@id\":\"https:\\\/\\\/www.antoniofilm.com\\\/boot\\\/laufen-auf-wasser\\\/#primaryimage\"},\"thumbnailUrl\":\"https:\\\/\\\/www.antoniofilm.com\\\/boot\\\/wp-content\\\/uploads\\\/2018\\\/05\\\/IMG_7079-crop2.jpg\",\"datePublished\":\"2018-04-22T10:34:15+00:00\",\"dateModified\":\"2018-09-06T17:51:52+00:00\",\"description\":\"Die Fortsetzung unseres Films \\\"Das Meer des Pilgers Antonio\\\" braucht Ihre Unterst\u00fctzung!\",\"breadcrumb\":{\"@id\":\"https:\\\/\\\/www.antoniofilm.com\\\/boot\\\/laufen-auf-wasser\\\/#breadcrumb\"},\"inLanguage\":\"en-US\",\"potentialAction\":[{\"@type\":\"ReadAction\",\"target\":[\"https:\\\/\\\/www.antoniofilm.com\\\/boot\\\/laufen-auf-wasser\\\/\"]}]},{\"@type\":\"ImageObject\",\"inLanguage\":\"en-US\",\"@id\":\"https:\\\/\\\/www.antoniofilm.com\\\/boot\\\/laufen-auf-wasser\\\/#primaryimage\",\"url\":\"https:\\\/\\\/www.antoniofilm.com\\\/boot\\\/wp-content\\\/uploads\\\/2018\\\/05\\\/IMG_7079-crop2.jpg\",\"contentUrl\":\"https:\\\/\\\/www.antoniofilm.com\\\/boot\\\/wp-content\\\/uploads\\\/2018\\\/05\\\/IMG_7079-crop2.jpg\",\"width\":1920,\"height\":1080},{\"@type\":\"BreadcrumbList\",\"@id\":\"https:\\\/\\\/www.antoniofilm.com\\\/boot\\\/laufen-auf-wasser\\\/#breadcrumb\",\"itemListElement\":[{\"@type\":\"ListItem\",\"position\":1,\"name\":\"Home\",\"item\":\"https:\\\/\\\/www.antoniofilm.com\\\/boot\\\/\"},{\"@type\":\"ListItem\",\"position\":2,\"name\":\"Laufen auf Wasser\"}]},{\"@type\":\"WebSite\",\"@id\":\"https:\\\/\\\/www.antoniofilm.com\\\/boot\\\/#website\",\"url\":\"https:\\\/\\\/www.antoniofilm.com\\\/boot\\\/\",\"name\":\"Canudos 2018\",\"description\":\"Reizende Bioscoop van Canudos - Das Reisende Kino von Canudos\",\"potentialAction\":[{\"@type\":\"SearchAction\",\"target\":{\"@type\":\"EntryPoint\",\"urlTemplate\":\"https:\\\/\\\/www.antoniofilm.com\\\/boot\\\/?s={search_term_string}\"},\"query-input\":{\"@type\":\"PropertyValueSpecification\",\"valueRequired\":true,\"valueName\":\"search_term_string\"}}],\"inLanguage\":\"en-US\"}]}<\/script>\n<!-- \/ Yoast SEO plugin. -->","yoast_head_json":{"title":"Laufen auf Wasser - Canudos 2018","description":"Die Fortsetzung unseres Films \"Das Meer des Pilgers Antonio\" braucht Ihre Unterst\u00fctzung!","robots":{"index":"index","follow":"follow","max-snippet":"max-snippet:-1","max-image-preview":"max-image-preview:large","max-video-preview":"max-video-preview:-1"},"canonical":"https:\/\/www.antoniofilm.com\/boot\/laufen-auf-wasser\/","og_locale":"en_US","og_type":"article","og_title":"Laufen auf Wasser - Canudos 2018","og_description":"Die Fortsetzung unseres Films \"Das Meer des Pilgers Antonio\" braucht Ihre Unterst\u00fctzung!","og_url":"https:\/\/www.antoniofilm.com\/boot\/laufen-auf-wasser\/","og_site_name":"Canudos 2018","article_modified_time":"2018-09-06T17:51:52+00:00","og_image":[{"width":1120,"height":630,"url":"https:\/\/www.antoniofilm.com\/boot\/wp-content\/uploads\/2018\/05\/IMG_7079-crop2-FB.jpg","type":"image\/jpeg"}],"twitter_card":"summary_large_image","twitter_misc":{"Est. reading time":"4 minutes"},"schema":{"@context":"https:\/\/schema.org","@graph":[{"@type":"WebPage","@id":"https:\/\/www.antoniofilm.com\/boot\/laufen-auf-wasser\/","url":"https:\/\/www.antoniofilm.com\/boot\/laufen-auf-wasser\/","name":"Laufen auf Wasser - Canudos 2018","isPartOf":{"@id":"https:\/\/www.antoniofilm.com\/boot\/#website"},"primaryImageOfPage":{"@id":"https:\/\/www.antoniofilm.com\/boot\/laufen-auf-wasser\/#primaryimage"},"image":{"@id":"https:\/\/www.antoniofilm.com\/boot\/laufen-auf-wasser\/#primaryimage"},"thumbnailUrl":"https:\/\/www.antoniofilm.com\/boot\/wp-content\/uploads\/2018\/05\/IMG_7079-crop2.jpg","datePublished":"2018-04-22T10:34:15+00:00","dateModified":"2018-09-06T17:51:52+00:00","description":"Die Fortsetzung unseres Films \"Das Meer des Pilgers Antonio\" braucht Ihre Unterst\u00fctzung!","breadcrumb":{"@id":"https:\/\/www.antoniofilm.com\/boot\/laufen-auf-wasser\/#breadcrumb"},"inLanguage":"en-US","potentialAction":[{"@type":"ReadAction","target":["https:\/\/www.antoniofilm.com\/boot\/laufen-auf-wasser\/"]}]},{"@type":"ImageObject","inLanguage":"en-US","@id":"https:\/\/www.antoniofilm.com\/boot\/laufen-auf-wasser\/#primaryimage","url":"https:\/\/www.antoniofilm.com\/boot\/wp-content\/uploads\/2018\/05\/IMG_7079-crop2.jpg","contentUrl":"https:\/\/www.antoniofilm.com\/boot\/wp-content\/uploads\/2018\/05\/IMG_7079-crop2.jpg","width":1920,"height":1080},{"@type":"BreadcrumbList","@id":"https:\/\/www.antoniofilm.com\/boot\/laufen-auf-wasser\/#breadcrumb","itemListElement":[{"@type":"ListItem","position":1,"name":"Home","item":"https:\/\/www.antoniofilm.com\/boot\/"},{"@type":"ListItem","position":2,"name":"Laufen auf Wasser"}]},{"@type":"WebSite","@id":"https:\/\/www.antoniofilm.com\/boot\/#website","url":"https:\/\/www.antoniofilm.com\/boot\/","name":"Canudos 2018","description":"Reizende Bioscoop van Canudos - Das Reisende Kino von Canudos","potentialAction":[{"@type":"SearchAction","target":{"@type":"EntryPoint","urlTemplate":"https:\/\/www.antoniofilm.com\/boot\/?s={search_term_string}"},"query-input":{"@type":"PropertyValueSpecification","valueRequired":true,"valueName":"search_term_string"}}],"inLanguage":"en-US"}]}},"_links":{"self":[{"href":"https:\/\/www.antoniofilm.com\/boot\/wp-json\/wp\/v2\/pages\/834","targetHints":{"allow":["GET"]}}],"collection":[{"href":"https:\/\/www.antoniofilm.com\/boot\/wp-json\/wp\/v2\/pages"}],"about":[{"href":"https:\/\/www.antoniofilm.com\/boot\/wp-json\/wp\/v2\/types\/page"}],"author":[{"embeddable":true,"href":"https:\/\/www.antoniofilm.com\/boot\/wp-json\/wp\/v2\/users\/1"}],"replies":[{"embeddable":true,"href":"https:\/\/www.antoniofilm.com\/boot\/wp-json\/wp\/v2\/comments?post=834"}],"version-history":[{"count":23,"href":"https:\/\/www.antoniofilm.com\/boot\/wp-json\/wp\/v2\/pages\/834\/revisions"}],"predecessor-version":[{"id":1013,"href":"https:\/\/www.antoniofilm.com\/boot\/wp-json\/wp\/v2\/pages\/834\/revisions\/1013"}],"wp:attachment":[{"href":"https:\/\/www.antoniofilm.com\/boot\/wp-json\/wp\/v2\/media?parent=834"}],"curies":[{"name":"wp","href":"https:\/\/api.w.org\/{rel}","templated":true}]}}